{"id":139,"date":"2025-10-20T12:33:12","date_gmt":"2025-10-20T10:33:12","guid":{"rendered":"https:\/\/aulamoscati.org\/?page_id=139"},"modified":"2026-01-22T17:05:38","modified_gmt":"2026-01-22T16:05:38","slug":"contacto","status":"publish","type":"page","link":"https:\/\/aulamoscati.org\/?page_id=139","title":{"rendered":"Contacto"},"content":{"rendered":"\n<p>Aqu\u00ed encontrar\u00e1s dos formularios:<\/p>\n\n\n\n<ul class=\"wp-block-list\">\n<li><a href=\"#formulario-sepa\">Formulario para colaborar<\/a>, mediante la aportaci\u00f3n de un documento SEPA<\/li>\n\n\n\n<li><a href=\"#formulario-inscripcion\">Formulario para inscribirse<\/a>&nbsp;y recibir notificaciones<\/li>\n<\/ul>\n\n\n\n<hr class=\"wp-block-separator has-alpha-channel-opacity\"\/>\n\n\n\n<p class=\"has-x-large-font-size\" id=\"formulario-sepa\"><strong>Formulario SEPA para colaborar con el Aula Moscati<\/strong><\/p>\n\n\n\n<div class=\"wp-block-file aligncenter\"><a id=\"wp-block-file--media-5561016d-ac70-4674-8517-884a7fa96508\" href=\"https:\/\/aulamoscati.org\/wp-content\/uploads\/2026\/01\/Formulario-SEPA-Moscati.pdf\">Formulario-SEPA-Moscati<\/a><a href=\"https:\/\/aulamoscati.org\/wp-content\/uploads\/2026\/01\/Formulario-SEPA-Moscati.pdf\" class=\"wp-block-file__button wp-element-button\" download aria-describedby=\"wp-block-file--media-5561016d-ac70-4674-8517-884a7fa96508\">Descarga<\/a><\/div>\n\n\n\n<p>Si deseas unirte y apoyar econ\u00f3micamente al Aula Moscati, desc\u00e1rgate el formulario sepa y env\u00edalo relleno y firmado a&nbsp;<a href=\"mailto:contacto@aulamoscati.org\">contacto@aulamoscati.org<\/a>&nbsp;o adj\u00fantalo al formulario de abajo. Por s\u00f3lo 25\u20ac al a\u00f1o ayudar\u00e1s a que sea posible:<\/p>\n\n\n\n<div class=\"wp-block-contact-form-7-contact-form-selector\">\n<div class=\"wpcf7 no-js\" id=\"wpcf7-f240-o1\" lang=\"es-ES\" dir=\"ltr\" data-wpcf7-id=\"240\">\n<div class=\"screen-reader-response\"><p role=\"status\" aria-live=\"polite\" aria-atomic=\"true\"><\/p> <ul><\/ul><\/div>\n<form action=\"\/index.php?rest_route=%2Fwp%2Fv2%2Fpages%2F139#wpcf7-f240-o1\" method=\"post\" class=\"wpcf7-form init\" aria-label=\"Formulario de contacto\" enctype=\"multipart\/form-data\" novalidate=\"novalidate\" data-status=\"init\">\n<fieldset class=\"hidden-fields-container\"><input type=\"hidden\" name=\"_wpcf7\" value=\"240\" \/><input type=\"hidden\" name=\"_wpcf7_version\" value=\"6.1.5\" \/><input type=\"hidden\" name=\"_wpcf7_locale\" value=\"es_ES\" \/><input type=\"hidden\" name=\"_wpcf7_unit_tag\" value=\"wpcf7-f240-o1\" \/><input type=\"hidden\" name=\"_wpcf7_container_post\" value=\"0\" \/><input type=\"hidden\" name=\"_wpcf7_posted_data_hash\" value=\"\" \/>\n<\/fieldset>\n\t\t\t\t<style>\n\t\t\t\t\t.uacf7-uacf7style-240 label {\n\t\t\t\t\t\tfont-style: normal;font-weight: normal;\t\t\t\t\t}\n\n\t\t\t\t\t.uacf7-uacf7style-240 input[type=\"email\"],\n\t\t\t\t\t.uacf7-uacf7style-240 input[type=\"number\"],\n\t\t\t\t\t.uacf7-uacf7style-240 input[type=\"password\"],\n\t\t\t\t\t.uacf7-uacf7style-240 input[type=\"search\"],\n\t\t\t\t\t.uacf7-uacf7style-240 input[type=\"tel\"],\n\t\t\t\t\t.uacf7-uacf7style-240 input[type=\"text\"],\n\t\t\t\t\t.uacf7-uacf7style-240 input[type=\"url\"],\n\t\t\t\t\t.uacf7-uacf7style-240 input[type=\"date\"],\n\t\t\t\t\t.uacf7-uacf7style-240 input[type=\"radio\"],\n\t\t\t\t\t.uacf7-uacf7style-240 input[type=\"checkbox\"],\n\t\t\t\t\t.uacf7-uacf7style-240 select,\n\t\t\t\t\t.uacf7-uacf7style-240 textarea {\n\t\t\t\t\t\tfont-style: normal;font-weight: normal;border-style: solid!important;\t\t\t\t\t}\n\n\t\t\t\t\t.uacf7-uacf7style-240 .wpcf7-radio span,\n\t\t\t\t\t.uacf7-uacf7style-240 .wpcf7-checkbox span {\n\t\t\t\t\t\tfont-style: normal;font-weight: normal;\t\t\t\t\t}\n\n\t\t\t\t\t.uacf7-uacf7style-240 textarea {\n\t\t\t\t\t\t\t\t\t\t\t}\n\n\t\t\t\t\t.wpcf7-form-control-wrap select {\n\t\t\t\t\t\twidth: 100%;\n\t\t\t\t\t}\n\n\t\t\t\t\t.uacf7-uacf7style-240 input[type=\"submit\"] {\n\t\t\t\t\t\tbackground-color: #27caf7;font-size: 24px;font-style: normal;font-weight: normal;border-style: none;\t\t\t\t\t}\n\n\t\t\t\t\t.uacf7-uacf7style-240 input[type=\"submit\"]:hover {\n\t\t\t\t\t\t\t\t\t\t\t}\n\n\t\t\t\t\t\t\t\t\t<\/style>\n\n\t\t\t\t<div class=\"uacf7-uacf7style uacf7-uacf7style-240\"><div class=\"uacf7-form-wrapper-container uacf7-form-240  uacf7-uacf7style uacf7-uacf7style-240\"><label><br>Adjunta aqu\u00ed el fichero con la autorizaci\u00f3n SEPA (tama\u00f1o m\u00e1x. 1MB): <\/label>\n<span class=\"wpcf7-form-control-wrap\" data-name=\"file-doc-sepa\"><input size=\"40\" class=\"wpcf7-form-control wpcf7-file wpcf7-validates-as-required\" accept=\".pdf,image\/*\" aria-required=\"true\" aria-invalid=\"false\" type=\"file\" name=\"file-doc-sepa\" \/><\/span>\n\n<label><br>Informaci\u00f3n sobre el tratamiento de datos personales:<br><\/label>\n<span class=\"wpcf7-form-control-wrap\" data-name=\"acceptance-600\"><span class=\"wpcf7-form-control wpcf7-acceptance\"><span class=\"wpcf7-list-item\"><label><input type=\"checkbox\" name=\"acceptance-600\" value=\"1\" aria-invalid=\"false\" \/><span class=\"wpcf7-list-item-label\">He le\u00eddo y comprendo la informaci\u00f3n sobre el tratamiento de mis datos personales y de mi imagen.<\/span><\/label><\/span><\/span><\/span>\n\n<label><br><\/label>\n<label>Comprobaci\u00f3n de que no eres un robot:<\/label>\n<div class=\"wpcf7-turnstile cf-turnstile\" data-sitekey=\"0x4AAAAAAB_p-UasP_fOW-gV\" data-response-field-name=\"_wpcf7_turnstile_response\" data-size=\"flexible\" data-language=\"es\"><\/div>\n<input class=\"wpcf7-form-control wpcf7-submit has-spinner\" type=\"submit\" value=\"Enviar documento SEPA\" \/><\/div><\/div><div class=\"wpcf7-response-output\" aria-hidden=\"true\"><\/div>\n<\/form>\n<\/div>\n<\/div>\n\n\n\n<hr class=\"wp-block-separator has-alpha-channel-opacity\"\/>\n\n\n\n<p class=\"has-x-large-font-size\" id=\"formulario-inscripcion\"><strong>Inscr\u00edbete para recibir informaci\u00f3n de las sesiones y actividades del aula<\/strong><\/p>\n\n\n\n<p>Proporcionando tus datos en este formulario nos ayudar\u00e1s a informarte de pr\u00f3ximas sesiones y eventos:<\/p>\n\n\n\n<div class=\"wp-block-contact-form-7-contact-form-selector\">\n<div class=\"wpcf7 no-js\" id=\"wpcf7-f138-o2\" lang=\"es-ES\" dir=\"ltr\" data-wpcf7-id=\"138\">\n<div class=\"screen-reader-response\"><p role=\"status\" aria-live=\"polite\" aria-atomic=\"true\"><\/p> <ul><\/ul><\/div>\n<form action=\"\/index.php?rest_route=%2Fwp%2Fv2%2Fpages%2F139#wpcf7-f138-o2\" method=\"post\" class=\"wpcf7-form init\" aria-label=\"Formulario de contacto\" novalidate=\"novalidate\" data-status=\"init\">\n<fieldset class=\"hidden-fields-container\"><input type=\"hidden\" name=\"_wpcf7\" value=\"138\" \/><input type=\"hidden\" name=\"_wpcf7_version\" value=\"6.1.5\" \/><input type=\"hidden\" name=\"_wpcf7_locale\" value=\"es_ES\" \/><input type=\"hidden\" name=\"_wpcf7_unit_tag\" value=\"wpcf7-f138-o2\" \/><input type=\"hidden\" name=\"_wpcf7_container_post\" value=\"0\" \/><input type=\"hidden\" name=\"_wpcf7_posted_data_hash\" value=\"\" \/>\n<\/fieldset>\n\t\t\t\t<style>\n\t\t\t\t\t.uacf7-uacf7style-138 label {\n\t\t\t\t\t\tfont-style: normal;font-weight: normal;\t\t\t\t\t}\n\n\t\t\t\t\t.uacf7-uacf7style-138 input[type=\"email\"],\n\t\t\t\t\t.uacf7-uacf7style-138 input[type=\"number\"],\n\t\t\t\t\t.uacf7-uacf7style-138 input[type=\"password\"],\n\t\t\t\t\t.uacf7-uacf7style-138 input[type=\"search\"],\n\t\t\t\t\t.uacf7-uacf7style-138 input[type=\"tel\"],\n\t\t\t\t\t.uacf7-uacf7style-138 input[type=\"text\"],\n\t\t\t\t\t.uacf7-uacf7style-138 input[type=\"url\"],\n\t\t\t\t\t.uacf7-uacf7style-138 input[type=\"date\"],\n\t\t\t\t\t.uacf7-uacf7style-138 input[type=\"radio\"],\n\t\t\t\t\t.uacf7-uacf7style-138 input[type=\"checkbox\"],\n\t\t\t\t\t.uacf7-uacf7style-138 select,\n\t\t\t\t\t.uacf7-uacf7style-138 textarea {\n\t\t\t\t\t\tfont-size: 16px;font-style: normal;font-weight: normal;border-style: solid!important;\t\t\t\t\t}\n\n\t\t\t\t\t.uacf7-uacf7style-138 .wpcf7-radio span,\n\t\t\t\t\t.uacf7-uacf7style-138 .wpcf7-checkbox span {\n\t\t\t\t\t\tfont-size: 16px;font-style: normal;font-weight: normal;\t\t\t\t\t}\n\n\t\t\t\t\t.uacf7-uacf7style-138 textarea {\n\t\t\t\t\t\t\t\t\t\t\t}\n\n\t\t\t\t\t.wpcf7-form-control-wrap select {\n\t\t\t\t\t\twidth: 100%;\n\t\t\t\t\t}\n\n\t\t\t\t\t.uacf7-uacf7style-138 input[type=\"submit\"] {\n\t\t\t\t\t\tbackground-color: #27caf7;font-size: 24px;font-style: normal;font-weight: normal;border-style: none;\t\t\t\t\t}\n\n\t\t\t\t\t.uacf7-uacf7style-138 input[type=\"submit\"]:hover {\n\t\t\t\t\t\t\t\t\t\t\t}\n\n\t\t\t\t\t\t\t\t\t<\/style>\n\n\t\t\t\t<div class=\"uacf7-uacf7style uacf7-uacf7style-138\"><div class=\"uacf7-form-wrapper-container uacf7-form-138  uacf7-uacf7style uacf7-uacf7style-138\"><label> Nombre:<br>\n    <span class=\"wpcf7-form-control-wrap\" data-name=\"your-name\"><input size=\"40\" maxlength=\"400\" class=\"wpcf7-form-control wpcf7-text wpcf7-validates-as-required\" autocomplete=\"name\" aria-required=\"true\" aria-invalid=\"false\" value=\"\" type=\"text\" name=\"your-name\" \/><\/span> <\/label>\n\n<label> Apellidos:<br>\n    <span class=\"wpcf7-form-control-wrap\" data-name=\"your-surname\"><input size=\"40\" maxlength=\"400\" class=\"wpcf7-form-control wpcf7-text wpcf7-validates-as-required\" autocomplete=\"surname\" aria-required=\"true\" aria-invalid=\"false\" value=\"\" type=\"text\" name=\"your-surname\" \/><\/span> <\/label>\n\n<label> Correo electr\u00f3nico:<br>\n    <span class=\"wpcf7-form-control-wrap\" data-name=\"your-email\"><input size=\"40\" maxlength=\"400\" class=\"wpcf7-form-control wpcf7-email wpcf7-validates-as-required wpcf7-text wpcf7-validates-as-email\" autocomplete=\"email\" aria-required=\"true\" aria-invalid=\"false\" value=\"\" type=\"email\" name=\"your-email\" \/><\/span> <\/label>\n\n<label> Direcci\u00f3n postal completa:<br>\n    <span class=\"wpcf7-form-control-wrap\" data-name=\"your-address\"><textarea cols=\"40\" rows=\"10\" maxlength=\"2000\" class=\"wpcf7-form-control wpcf7-textarea wpcf7-validates-as-required\" autocomplete=\"address\" aria-required=\"true\" aria-invalid=\"false\" name=\"your-address\"><\/textarea><\/span> <\/label>\n\n<label> Tel\u00e9fono:<br>\n    <span class=\"wpcf7-form-control-wrap\" data-name=\"your-phone-nr\"><input size=\"40\" maxlength=\"400\" class=\"wpcf7-form-control wpcf7-tel wpcf7-validates-as-required wpcf7-text wpcf7-validates-as-tel\" autocomplete=\"phone-nr\" aria-required=\"true\" aria-invalid=\"false\" value=\"\" type=\"tel\" name=\"your-phone-nr\" \/><\/span> <\/label>\n\n<label> Indica si eres sanitario: <br><\/label>\n<span class=\"wpcf7-form-control-wrap\" data-name=\"radio-sanitario\"><span class=\"wpcf7-form-control wpcf7-radio\"><span class=\"wpcf7-list-item first\"><input type=\"radio\" name=\"radio-sanitario\" value=\"Soy sanitario\" \/><span class=\"wpcf7-list-item-label\">Soy sanitario<\/span><\/span><span class=\"wpcf7-list-item last\"><input type=\"radio\" name=\"radio-sanitario\" value=\"No soy sanitario\" \/><span class=\"wpcf7-list-item-label\">No soy sanitario<\/span><\/span><\/span><\/span>\n\n<label><br>Informaci\u00f3n sobre el tratamiento de datos personales:<br><\/label>\n<span class=\"wpcf7-form-control-wrap\" data-name=\"acceptance-599\"><span class=\"wpcf7-form-control wpcf7-acceptance\"><span class=\"wpcf7-list-item\"><label><input type=\"checkbox\" name=\"acceptance-599\" value=\"1\" aria-invalid=\"false\" \/><span class=\"wpcf7-list-item-label\">He le\u00eddo y comprendo la informaci\u00f3n sobre el tratamiento de mis datos personales y de mi imagen.<\/span><\/label><\/span><\/span><\/span>\n\n<label><br><\/label>\n<label>Comprobaci\u00f3n de que no eres un robot:<\/label>\n<div class=\"wpcf7-turnstile cf-turnstile\" data-sitekey=\"0x4AAAAAAB_p-UasP_fOW-gV\" data-response-field-name=\"_wpcf7_turnstile_response\" data-size=\"flexible\" data-language=\"es\"><\/div>\n<input class=\"wpcf7-form-control wpcf7-submit has-spinner\" type=\"submit\" value=\"Enviar datos\" \/><\/div><\/div><div class=\"wpcf7-response-output\" aria-hidden=\"true\"><\/div>\n<\/form>\n<\/div>\n<\/div>\n\n\n\n<p>INFORMACI\u00d3N RELATIVA A LA PROTECCI\u00d3N DE DATOS PERSONALES Y DE IMAGEN<\/p>\n\n\n\n<p class=\"has-small-font-size\">De acuerdo con lo establecido por el Reglamento (UE) 2016\/679 del Parlamento Europeo y del Consejo, de 27 de abril de 2016, relativo a la protecci\u00f3n de las personas f\u00edsicas en lo que respecta al tratamiento de datos personales y a la libre circulaci\u00f3n de estos datos y por el que se deroga la Directiva 95\/46\/CE y por la Ley Org\u00e1nica 3\/2018, de 5 de diciembre, de Protecci\u00f3n de Datos Personales y garant\u00eda de los derechos digitales, le informamos de que sus datos ser\u00e1n tratados bajo la responsabilidad de la Parroquia de la Magdalena, Sevilla, con NIF n\u00famero R4100880F, con la finalidad de informarle sobre las pr\u00f3ximas conferencias que tendr\u00e1n lugar en el seno del Aula Moscati. Al mismo tiempo le informa de que el tratamiento indicado se encuentra legitimado por su consentimiento, que presta al completar el formulario, que por supuesto tiene un car\u00e1cter voluntario. Del mismo modo, Parroquia de la Magdalena informa que sus datos personales ser\u00e1n conservados mientras perdure el motivo que justifica su tratamiento, siendo bloqueados cuando hayan dejado de ser necesarios para la finalidad para la cual fueron recabados, y quedando a disposici\u00f3n exclusiva de Jueces y Tribunales, el Ministerio Fiscal o las Administraciones P\u00fablicas competentes, en particular las autoridades de protecci\u00f3n de datos, para la atenci\u00f3n de las posibles responsabilidades nacidas del tratamiento, durante el plazo de prescripci\u00f3n de \u00e9stas. Cumplido el citado plazo, se proceder\u00e1 a la supresi\u00f3n de los datos. No est\u00e1 prevista la cesi\u00f3n de los datos a terceras entidades \u2012salvo, en su caso, por obligaci\u00f3n legal\u2012, ni la transferencia internacional de los mismos, si bien podr\u00e1n ser comunicados a otras entidades de Pro-Asociaci\u00f3n Aula Moscati con fines administrativos internos. Puede solicitar m\u00e1s informaci\u00f3n sobre estas entidades escribiendo a info@aulamoscati.es. Asimismo, se informa de que puede contactar dirigiendo su petici\u00f3n por escrito a la direcci\u00f3n postal C\/ Bail\u00e9n 5 &#8211; 41001 Sevilla o a la direcci\u00f3n de correo electr\u00f3nico: info@aulamoscati.org. Puede usted ejercer los derechos de acceso, rectificaci\u00f3n, limitaci\u00f3n del tratamiento, supresi\u00f3n, portabilidad y oposici\u00f3n al tratamiento de sus datos de car\u00e1cter personal, as\u00ed como a no ser objeto de decisiones individuales automatizadas y a retirar el consentimiento prestado para el tratamiento de los mismos, dirigiendo su petici\u00f3n a Parroquia de la Magdalena, C\/Bail\u00e9n 5, 41001, Sevilla. o a la direcci\u00f3n de correo electr\u00f3nico info@aulamoscati.org indicando en el asunto la referencia \u201cAula Moscati\u201d. Asimismo, podr\u00e1 interponer una reclamaci\u00f3n ante el la Parroquia de la Magdalena y\/o la Agencia Espa\u00f1ola de Protecci\u00f3n de Datos (www.aepd.es) en caso de considerar vulnerados sus derechos en esta materia.<\/p>\n","protected":false},"excerpt":{"rendered":"<p>Aqu\u00ed encontrar\u00e1s dos formularios: Formulario SEPA para colaborar con el Aula Moscati Si deseas unirte y apoyar econ\u00f3micamente al Aula Moscati, desc\u00e1rgate el formulario sepa y env\u00edalo relleno y firmado a&nbsp;contacto@aulamoscati.org&nbsp;o adj\u00fantalo al formulario de abajo. Por s\u00f3lo 25\u20ac al a\u00f1o ayudar\u00e1s a que sea posible: Inscr\u00edbete para recibir informaci\u00f3n de las sesiones y actividades [&hellip;]<\/p>\n","protected":false},"author":1,"featured_media":0,"parent":0,"menu_order":0,"comment_status":"closed","ping_status":"closed","template":"","meta":{"footnotes":""},"class_list":["post-139","page","type-page","status-publish","hentry"],"_links":{"self":[{"href":"https:\/\/aulamoscati.org\/index.php?rest_route=\/wp\/v2\/pages\/139","targetHints":{"allow":["GET"]}}],"collection":[{"href":"https:\/\/aulamoscati.org\/index.php?rest_route=\/wp\/v2\/pages"}],"about":[{"href":"https:\/\/aulamoscati.org\/index.php?rest_route=\/wp\/v2\/types\/page"}],"author":[{"embeddable":true,"href":"https:\/\/aulamoscati.org\/index.php?rest_route=\/wp\/v2\/users\/1"}],"replies":[{"embeddable":true,"href":"https:\/\/aulamoscati.org\/index.php?rest_route=%2Fwp%2Fv2%2Fcomments&post=139"}],"version-history":[{"count":27,"href":"https:\/\/aulamoscati.org\/index.php?rest_route=\/wp\/v2\/pages\/139\/revisions"}],"predecessor-version":[{"id":326,"href":"https:\/\/aulamoscati.org\/index.php?rest_route=\/wp\/v2\/pages\/139\/revisions\/326"}],"wp:attachment":[{"href":"https:\/\/aulamoscati.org\/index.php?rest_route=%2Fwp%2Fv2%2Fmedia&parent=139"}],"curies":[{"name":"wp","href":"https:\/\/api.w.org\/{rel}","templated":true}]}}