{"id":60,"date":"2025-08-14T13:23:39","date_gmt":"2025-08-14T11:23:39","guid":{"rendered":"https:\/\/aulamoscati.org\/?page_id=60"},"modified":"2025-11-07T12:54:51","modified_gmt":"2025-11-07T11:54:51","slug":"biografia-de-san-jose-moscati","status":"publish","type":"page","link":"https:\/\/aulamoscati.org\/?page_id=60","title":{"rendered":"Biograf\u00eda"},"content":{"rendered":"\n<p><strong>La familia Moscati<\/strong><\/p>\n\n\n\n<div class=\"wp-block-media-text is-stacked-on-mobile\" style=\"grid-template-columns:29% auto\"><figure class=\"wp-block-media-text__media\"><img loading=\"lazy\" decoding=\"async\" width=\"768\" height=\"1024\" src=\"https:\/\/aulamoscati.org\/wp-content\/uploads\/2025\/11\/Estatua-G-Moscati-01-768x1024.jpg\" alt=\"\" class=\"wp-image-225 size-full\" srcset=\"https:\/\/aulamoscati.org\/wp-content\/uploads\/2025\/11\/Estatua-G-Moscati-01-768x1024.jpg 768w, https:\/\/aulamoscati.org\/wp-content\/uploads\/2025\/11\/Estatua-G-Moscati-01-225x300.jpg 225w, https:\/\/aulamoscati.org\/wp-content\/uploads\/2025\/11\/Estatua-G-Moscati-01-1152x1536.jpg 1152w, https:\/\/aulamoscati.org\/wp-content\/uploads\/2025\/11\/Estatua-G-Moscati-01.jpg 1200w\" sizes=\"auto, (max-width: 768px) 100vw, 768px\" \/><\/figure><div class=\"wp-block-media-text__content\">\n<p>San Jos\u00e9 Moscati nace en Benevento (Italia) el 25 de julio de 1880 en el seno de una familia culta. Su padre era Francisco Moscati, juez, y su madre Rosa De Luca dei Marchesi di Roseto. La familia Moscati estaba formada por el matrimonio y nueve hijos, de los que \u00e9l era el s\u00e9ptimo.<\/p>\n<\/div><\/div>\n\n\n\n<p>En 1884, debido a un nuevo destino del juez, la familia se traslada a N\u00e1poles. Unos a\u00f1os m\u00e1s tarde en 1892 su hermano Alberto sufre una lesi\u00f3n al caer de su caballo, quedando epil\u00e9ptico. A ra\u00edz de este suceso, Giuseppe Moscati comienza a considerar su pasional vocaci\u00f3n de m\u00e9dico, en vez de la carrera de Derecho como su padre y su abuelo.<\/p>\n\n\n\n<p><strong>M\u00e9dico<\/strong><\/p>\n\n\n\n<p>Se matricula en 1987 en la Facultad de Medicina, excelente estudiante, se grad\u00faa en 1903 y posteriormente comienza a trabajar en Hospital de los Incurables donde ser\u00e1 nombrado m\u00e9dico jefe en 1925. Durante su periodo en el hospital, se levanta temprano para visitar antes a los enfermos m\u00e1s necesitados, y ya despu\u00e9s de su trabajo los atend\u00eda en su consulta particular.<\/p>\n\n\n\n<p>La madre de Moscati, conociendo la sensibilidad de su hijo, estaba preocupada de que su decisi\u00f3n de inscribirse en la medicina lo pusiera en continuo contacto con el dolor, a esto, \u00e9l respondi\u00f3 que: \u00abestaba dispuesto a acostarse en la cama de los enfermos si fuera necesario\u00bb. Este compromiso fue confirmado m\u00e1s tarde por la dedicaci\u00f3n absoluta con la que ayud\u00f3 a sus pacientes, de los cuales siempre se hizo cargo no solo de las necesidades del cuerpo, sino tambi\u00e9n el alma, dando testimonio de su profunda convicci\u00f3n de fe y de que la misma enfermedad se puede calmar con la consolaci\u00f3n religiosa y espiritual<\/p>\n\n\n\n<p>Hay dos episodios importantes en la vida de Jos\u00e8 Moscati que nos hacen comprender mejor la grandeza de esta figura: el 8 de abril de 1906 el Vesubio comenz\u00f3 a entrar en erupci\u00f3n. Jos\u00e8 comprende que debe irse inmediatamente a salvar a los enfermos y se dirige a la Torre del Greco, donde el Hospital de los Incurables tiene una peque\u00f1a sucursal. Justamente despu\u00e9s de que ha puesto a salvo al \u00faltimo paciente, la estructura se derrumba.<\/p>\n\n\n\n<p>En 1911 una epidemia de c\u00f3lera se propag\u00f3 en N\u00e1poles y tambi\u00e9n esta vez Jos\u00e9 no s\u00f3lo estuvo al lado de los enfermos sin temor al contagio, sino que tambi\u00e9n estuvo al frente de sus actividades de investigaci\u00f3n que contribuir\u00edan mucho a contener la enfermedad.<\/p>\n\n\n\n<p><strong>Ciencia y fe<\/strong><\/p>\n\n\n\n<p>Adem\u00e1s de dedicarse al cuidado de los enfermos, Jos\u00e9 Moscati es tambi\u00e9n un excelente investigador que experimenta con nuevas t\u00e9cnicas y nuevos f\u00e1rmacos, como la insulina, que se utiliza en el tratamiento de la diabetes desde 1922. Adem\u00e1s, era tan h\u00e1bil en las autopsias que en 1925 se le confi\u00f3 la direcci\u00f3n del Instituto de Anatom\u00eda Patol\u00f3gica.<\/p>\n\n\n\n<p>No es raro verle hacer la se\u00f1al de la cruz antes de operar un cad\u00e1ver, por el respeto que se debe al cuerpo de una persona que fue amada por Dios. Para \u00e9l, la ciencia y la fe no son dos mundos distantes, separados e irreconciliables, sino dos elementos que coexisten en su vida cotidiana, constituidos por una gran devoci\u00f3n a la Virgen Mar\u00eda, la sobriedad y la pobreza personal en el seguimiento de San Francisco, y la elecci\u00f3n del celibato para disponer de m\u00e1s tiempo para sus cada vez m\u00e1s numerosos pacientes.<\/p>\n\n\n\n<p>M\u00e9dico e investigador de valor, dedic\u00f3 su actividad, y en general su vida, a obras de caridad, ayudando a los desprotegidos, incluso en la ciudad m\u00e1s pobre y abandonada, cuidaba de ellos de forma gratuita y tambi\u00e9n los ayudaba econ\u00f3micamente.<\/p>\n\n\n\n<figure class=\"wp-block-image aligncenter size-large is-resized\"><img loading=\"lazy\" decoding=\"async\" width=\"768\" height=\"1024\" src=\"https:\/\/aulamoscati.org\/wp-content\/uploads\/2025\/11\/Escritorio-G-Moscati-03-768x1024.jpg\" alt=\"\" class=\"wp-image-227\" style=\"width:450px;height:auto\" srcset=\"https:\/\/aulamoscati.org\/wp-content\/uploads\/2025\/11\/Escritorio-G-Moscati-03-768x1024.jpg 768w, https:\/\/aulamoscati.org\/wp-content\/uploads\/2025\/11\/Escritorio-G-Moscati-03-225x300.jpg 225w, https:\/\/aulamoscati.org\/wp-content\/uploads\/2025\/11\/Escritorio-G-Moscati-03-1152x1536.jpg 1152w, https:\/\/aulamoscati.org\/wp-content\/uploads\/2025\/11\/Escritorio-G-Moscati-03.jpg 1200w\" sizes=\"auto, (max-width: 768px) 100vw, 768px\" \/><figcaption class=\"wp-element-caption\">Escritorio original de San Jos\u00e9 Moscati<\/figcaption><\/figure>\n\n\n\n<p>Sostuvo firmemente que no deb\u00eda existir contradicci\u00f3n o ant\u00edtesis entre ciencia y fe: sino que ambos ten\u00edan que contribuir en la vida del hombre. Moscati fue siempre un punto de referencia de la fe y trat\u00f3 por todos los medios no s\u00f3lo ser un m\u00e9dico del cuerpo de sus pacientes, sino tambi\u00e9n un m\u00e9dico del alma. <\/p>\n\n\n\n<p>Ve\u00eda la Eucarist\u00eda como centro de su vida y, por otra parte, estaba fuertemente ligado al culto de la Virgen. Se preparaba durante el a\u00f1o para las fiestas de la Virgen Mar\u00eda, ayunaba en los d\u00edas en que era necesario, tratando de involucrar a todos con cuanto se reunia, usando la bondad como su mejor arma. Moscati es conocido por su atenci\u00f3n m\u00e9dica caritativa a los pobres y necesitados, y por su devoci\u00f3n religiosa.<\/p>\n\n\n\n<p><strong>Muerte<\/strong><\/p>\n\n\n\n<p>Todo el mundo va al estudio de Jos\u00e9 Moscati, tanto personas famosas como el tenor Enrico Caruso como an\u00f3nimas. Prest\u00f3 la misma atenci\u00f3n y la misma escrupulosidad a todos, porque en cada rostro ve el rostro de Jes\u00fas sufriente. En la sala de espera hab\u00eda un sombrero a modo de cesta con una leyenda nada habitual: \u00abQuien tenga, deje. Quien no tenga, lo tome\u00bb.<\/p>\n\n\n\n<div class=\"wp-block-media-text is-stacked-on-mobile is-vertically-aligned-center\" style=\"grid-template-columns:23% auto\"><figure class=\"wp-block-media-text__media\"><img loading=\"lazy\" decoding=\"async\" width=\"768\" height=\"1024\" src=\"https:\/\/aulamoscati.org\/wp-content\/uploads\/2025\/11\/Sillon-G-Moscati-01-768x1024.jpg\" alt=\"\" class=\"wp-image-226 size-full\" srcset=\"https:\/\/aulamoscati.org\/wp-content\/uploads\/2025\/11\/Sillon-G-Moscati-01-768x1024.jpg 768w, https:\/\/aulamoscati.org\/wp-content\/uploads\/2025\/11\/Sillon-G-Moscati-01-225x300.jpg 225w, https:\/\/aulamoscati.org\/wp-content\/uploads\/2025\/11\/Sillon-G-Moscati-01-1152x1536.jpg 1152w, https:\/\/aulamoscati.org\/wp-content\/uploads\/2025\/11\/Sillon-G-Moscati-01.jpg 1200w\" sizes=\"auto, (max-width: 768px) 100vw, 768px\" \/><\/figure><div class=\"wp-block-media-text__content\">\n<p>Fallece el 12 de abril de 1927 a los 46 a\u00f1os, reposando en su sill\u00f3n a la espera de la visita de los enfermos en su estudio privado, por un ataque al coraz\u00f3n. Estaba preparado para su muerte y la mir\u00f3 con la serenidad del justo: \u00e9l venci\u00f3 a la luz de la fe cristiana.<\/p>\n<\/div><\/div>\n\n\n\n<p>La noticia de su muerte se difundi\u00f3 r\u00e1pidamente, se resume en las palabras \u00abha muerto el m\u00e9dico santo\u00bb. En el funeral hubo una participaci\u00f3n popular significativa, especialmente los pobres lloraron sinceramente la p\u00e9rdida de su m\u00e1s querido benefactor.<\/p>\n\n\n\n<p><strong>Canonizaci\u00f3n y fechas significativas<\/strong><\/p>\n\n\n\n<p>El 16 de noviembre de 1930 sus restos mortales fueron trasladados al Cementerio de Poggioreale en la Iglesia del Ges\u00f9 Nuovo de N\u00e1poles, centro principal de veneraci\u00f3n, en una urna de bronce creada por el escultor Amedeo Garufi. Su festividad en la Iglesia cat\u00f3lica se celebra el 12 de abril, d\u00eda de su fallecimiento, mientras que el 16 de noviembre se celebra el traslado de sus reliquias.<\/p>\n\n\n\n<p>El papa Pablo VI lo proclam\u00f3 beato el 16 de noviembre de 1975.<\/p>\n\n\n\n<p>Fue proclamado santo el 25 de octubre de 1987 por Juan Pablo II al final del S\u00ednodo de Obispos sobre la vocaci\u00f3n y misi\u00f3n de los laicos en la Iglesia. Su memoria lit\u00fargica se celebra el 16 de noviembre.<\/p>\n\n\n\n<figure class=\"wp-block-image size-large\"><img loading=\"lazy\" decoding=\"async\" width=\"1024\" height=\"768\" src=\"https:\/\/aulamoscati.org\/wp-content\/uploads\/2025\/11\/Tumba-G-Moscati-01-1024x768.jpg\" alt=\"\" class=\"wp-image-229\" srcset=\"https:\/\/aulamoscati.org\/wp-content\/uploads\/2025\/11\/Tumba-G-Moscati-01-1024x768.jpg 1024w, https:\/\/aulamoscati.org\/wp-content\/uploads\/2025\/11\/Tumba-G-Moscati-01-300x225.jpg 300w, https:\/\/aulamoscati.org\/wp-content\/uploads\/2025\/11\/Tumba-G-Moscati-01-768x576.jpg 768w, https:\/\/aulamoscati.org\/wp-content\/uploads\/2025\/11\/Tumba-G-Moscati-01-1536x1152.jpg 1536w, https:\/\/aulamoscati.org\/wp-content\/uploads\/2025\/11\/Tumba-G-Moscati-01.jpg 1600w\" sizes=\"auto, (max-width: 1024px) 100vw, 1024px\" \/><figcaption class=\"wp-element-caption\">Tumba de San Jos\u00e9 Moscati en la iglesia del Ges\u00f9 Nuovo, N\u00e1poles.<\/figcaption><\/figure>\n","protected":false},"excerpt":{"rendered":"<p>La familia Moscati San Jos\u00e9 Moscati nace en Benevento (Italia) el 25 de julio de 1880 en el seno de una familia culta. Su padre era Francisco Moscati, juez, y su madre Rosa De Luca dei Marchesi di Roseto. La familia Moscati estaba formada por el matrimonio y nueve hijos, de los que \u00e9l era [&hellip;]<\/p>\n","protected":false},"author":1,"featured_media":0,"parent":0,"menu_order":0,"comment_status":"closed","ping_status":"closed","template":"","meta":{"footnotes":""},"class_list":["post-60","page","type-page","status-publish","hentry"],"_links":{"self":[{"href":"https:\/\/aulamoscati.org\/index.php?rest_route=\/wp\/v2\/pages\/60","targetHints":{"allow":["GET"]}}],"collection":[{"href":"https:\/\/aulamoscati.org\/index.php?rest_route=\/wp\/v2\/pages"}],"about":[{"href":"https:\/\/aulamoscati.org\/index.php?rest_route=\/wp\/v2\/types\/page"}],"author":[{"embeddable":true,"href":"https:\/\/aulamoscati.org\/index.php?rest_route=\/wp\/v2\/users\/1"}],"replies":[{"embeddable":true,"href":"https:\/\/aulamoscati.org\/index.php?rest_route=%2Fwp%2Fv2%2Fcomments&post=60"}],"version-history":[{"count":13,"href":"https:\/\/aulamoscati.org\/index.php?rest_route=\/wp\/v2\/pages\/60\/revisions"}],"predecessor-version":[{"id":248,"href":"https:\/\/aulamoscati.org\/index.php?rest_route=\/wp\/v2\/pages\/60\/revisions\/248"}],"wp:attachment":[{"href":"https:\/\/aulamoscati.org\/index.php?rest_route=%2Fwp%2Fv2%2Fmedia&parent=60"}],"curies":[{"name":"wp","href":"https:\/\/api.w.org\/{rel}","templated":true}]}}